{"id":498,"date":"2025-06-20T08:26:47","date_gmt":"2025-06-20T06:26:47","guid":{"rendered":"http:\/\/double-green.de\/?page_id=498"},"modified":"2026-02-19T14:16:15","modified_gmt":"2026-02-19T13:16:15","slug":"impressum","status":"publish","type":"page","link":"http:\/\/double-green.de\/index.php\/impressum\/","title":{"rendered":"Impressum"},"content":{"rendered":"<div  class=\"tatsu-HyZwrsiDj6 tatsu-section  tatsu-bg-overlay custom-bg-position  tatsu-clearfix\" data-title=\"\"  data-headerscheme=\"background--dark\"><div class='tatsu-section-pad clearfix' data-padding='{\"d\":\"260px 0px 126px 0px\",\"m\":\"190px 0px 75px 0px\",\"t\":\"190px 0px 126px 0px\"}' data-padding-top='190px'><div class=\"tatsu-row-wrap  tatsu-wrap tatsu-row-has-one-half tatsu-row-has-two-cols tatsu-medium-gutter tatsu-reg-cols  tatsu-clearfix tatsu-SJlvHjoPs6\" ><div  class=\"tatsu-row \" ><div  class=\"tatsu-column  tatsu-bg-overlay tatsu-one-half tatsu-column-image-none tatsu-column-effect-none  tatsu-ryDSjiwo6\"  data-parallax-speed=\"0\" style=\"\"><div class=\"tatsu-column-inner \" ><div class=\"tatsu-column-pad-wrap\"><div class=\"tatsu-column-pad\" ><div  class=\"tatsu-module tatsu-text-block-wrap tatsu-rJMcJquWVgg  \"><div class=\"tatsu-text-inner tatsu-align-center  clearfix\" ><style>.tatsu-rJMcJquWVgg.tatsu-text-block-wrap .tatsu-text-inner{width: 100%;text-align: left;color: rgba(255,255,255,1) ;}.tatsu-rJMcJquWVgg .tatsu-text-inner *{color: rgba(255,255,255,1) ;}<\/style>\n<h2 style=\"text-align: center;\">Impressum<\/h2>\n<\/div><\/div><div  class=\"tatsu-module tatsu-text-block-wrap tatsu-rkQ5ycd-Vlx  \"><div class=\"tatsu-text-inner tatsu-align-center  clearfix\" ><style>.tatsu-rkQ5ycd-Vlx.tatsu-text-block-wrap .tatsu-text-inner{width: 100%;text-align: left;color: rgba(255,255,255,1) ;}.tatsu-rkQ5ycd-Vlx .tatsu-text-inner *{color: rgba(255,255,255,1) ;}<\/style>\n<div class=\"tatsu-module tatsu-inline-text clearfix tatsu-ByBbKtvjT \">\n<div class=\"tatsu-inline-text-inner tatsu-align-center\"><strong>Name des Anbieters:<\/strong>\u00a0 Double Green GmbH<\/div>\n<\/div>\n<div class=\"tatsu-module tatsu-text-block-wrap tatsu-r1azEbmXll \">\n<div class=\"tatsu-text-inner tatsu-align-center clearfix\">\n<p style=\"font-weight: 400;\"><strong>Rechtsform, Registrierung, Sitz:<\/strong><br \/>Die DoubleGreen GmbH ist eine Gesellschaft mit beschr\u00e4nkter Berufshaftung nach Ma\u00dfgabe des GmbH-Gesetzes mit Sitz in D-74821 Mosbach, eingetragen im Handelsregister des Amtsgerichts Stuttgart\u00a0 unter der Nummer Mannheim HRB 755767.<\/p>\n<p style=\"font-weight: 400;\"><strong>Umsatzsteuer-Identifikationsnummer:\u00a0<\/strong> DE453351072<\/p>\n<p style=\"font-weight: 400;\"><strong>Vertretungsberechtige:<\/strong><br \/>Gesch\u00e4ftsf\u00fchrer Alexander Bauer<br \/>Gesch\u00e4ftsf\u00fchrer Joseph Renz<\/p>\n<p style=\"font-weight: 400;\"><strong>Postanschrift:<\/strong><br \/>Gartenweg 12 in D-74821 Mosbach<\/p>\n<p style=\"font-weight: 400;\"><strong>Weitere Kontaktdaten:<br \/><\/strong><strong>E-Mail<\/strong> (Alexander Bauer): alexander.bauer[at]double-green.de<br \/><strong>E-Mail<\/strong> (Joseph Renz): joseph.renz[at]double-green.de<br \/><strong>Tel.: <\/strong>+49(0)172 7124349<br \/><strong>Webseite:<\/strong> www.double-green.de<\/p>\n<\/div>\n<\/div>\n<\/div><\/div><\/div><\/div><div class = \"tatsu-column-bg-image-wrap\"><div class = \"tatsu-column-bg-image\" ><\/div><\/div><div class=\"tatsu-overlay tatsu-column-overlay tatsu-animate-none\" ><\/div><\/div><style>.tatsu-row > .tatsu-ryDSjiwo6.tatsu-column{width: 70%;}.tatsu-ryDSjiwo6.tatsu-column > .tatsu-column-inner > .tatsu-column-pad-wrap > .tatsu-column-pad{padding: 0px 0px 0px 30px;}.tatsu-ryDSjiwo6.tatsu-column > .tatsu-column-inner > .tatsu-column-overlay{mix-blend-mode: normal;}.tatsu-ryDSjiwo6 > .tatsu-column-inner > .tatsu-top-divider{z-index: 9999;}.tatsu-ryDSjiwo6 > .tatsu-column-inner > .tatsu-bottom-divider{z-index: 9999;}.tatsu-ryDSjiwo6 > .tatsu-column-inner > .tatsu-left-divider{z-index: 9999;}.tatsu-ryDSjiwo6 > .tatsu-column-inner > .tatsu-right-divider{z-index: 9999;}@media only screen and (max-width:1377px) {.tatsu-row > .tatsu-ryDSjiwo6.tatsu-column{width: 70%;}}@media only screen and (min-width:768px) and (max-width: 1024px) {.tatsu-row > .tatsu-ryDSjiwo6.tatsu-column{width: 100%;}.tatsu-ryDSjiwo6.tatsu-column > .tatsu-column-inner > .tatsu-column-pad-wrap > .tatsu-column-pad{padding: 0px 15px 0px 25px;}}@media only screen and (max-width: 767px) {.tatsu-row > .tatsu-ryDSjiwo6.tatsu-column{width: 100%;}.tatsu-ryDSjiwo6.tatsu-column > .tatsu-column-inner > .tatsu-column-pad-wrap > .tatsu-column-pad{padding: 0px 0px 0px 0px;}}<\/style><\/div><div  class=\"tatsu-column  tatsu-bg-overlay tatsu-one-half tatsu-column-image-none tatsu-column-effect-none  tatsu-B1l8dhjPjp\"  data-parallax-speed=\"0\" style=\"\"><div class=\"tatsu-column-inner \" ><div class=\"tatsu-column-pad-wrap\"><div class=\"tatsu-column-pad\" ><div  class=\"tatsu-module tatsu-button-group align-center tatsu-S14cJcuZ4eg  \"  ><div  class=\"tatsu-module tatsu-normal-button tatsu-button-wrap align-block block-center  tatsu-H1Hc1qubNee   \"><a class=\"tatsu-shortcode blockbtn tatsu-button left-icon rounded   bg-animation-none  \" href=\"mailto:alexander.bauer@double-green.de\" style= \"\"  aria-label=\"E-Mail schreiben\" data-gdpr-atts={} >E-Mail schreiben<\/a><style>.tatsu-H1Hc1qubNee .tatsu-button{background-color: rgba(255,255,255,1);color: rgba(57,181,74,1) ;border-width: 2px;}.tatsu-H1Hc1qubNee .tatsu-button:hover{background-color: rgba(140,198,63,1);color: rgba(255,255,255,1) ;border-color: rgba(255,255,255,1); }<\/style><\/div><div  class=\"tatsu-module tatsu-normal-button tatsu-button-wrap align-block block-center  tatsu-BkUqy9dWNex   \"><a class=\"tatsu-shortcode blockbtn tatsu-button left-icon rounded   bg-animation-none  \" href=\"tel:+491727124349\" style= \"\"  aria-label=\"Anrufen\" data-gdpr-atts={} >Anrufen<\/a><style>.tatsu-BkUqy9dWNex .tatsu-button{background-color: rgba(255,255,255,1);color: rgba(57,181,74,1) ;border-width: 2px;}.tatsu-BkUqy9dWNex .tatsu-button:hover{background-color: rgba(140,198,63,1);color: rgba(255,255,255,1) ;border-color: rgba(255,255,255,1); }<\/style><\/div><div  class=\"tatsu-module tatsu-normal-button tatsu-button-wrap align-block block-center  tatsu-rkD9kcubNge   \"><a class=\"tatsu-shortcode blockbtn tatsu-button left-icon rounded   bg-animation-none  \" href=\"#\" style= \"\"  aria-label=\"Online Termin vereinbaren\" data-gdpr-atts={} >Online Termin vereinbaren<\/a><style>.tatsu-rkD9kcubNge .tatsu-button{background-color: rgba(255,255,255,1);color: rgba(57,181,74,1) ;border-width: 2px;}.tatsu-rkD9kcubNge .tatsu-button:hover{background-color: rgba(140,198,63,1);color: rgba(255,255,255,1) ;border-color: rgba(255,255,255,1); }<\/style><\/div><\/div><style>.tatsu-S14cJcuZ4eg.tatsu-button-group{margin: 0px 0px 20px 0px;}<\/style><\/div><\/div><div class = \"tatsu-column-bg-image-wrap\"><div class = \"tatsu-column-bg-image\" ><\/div><\/div><div class=\"tatsu-overlay tatsu-column-overlay tatsu-animate-none\" ><\/div><\/div><style>.tatsu-row > .tatsu-B1l8dhjPjp.tatsu-column{width: 30%;}.tatsu-B1l8dhjPjp.tatsu-column{margin: 100px 0px 0px 0px !important;}.tatsu-B1l8dhjPjp.tatsu-column > .tatsu-column-inner > .tatsu-column-overlay{mix-blend-mode: normal;}.tatsu-B1l8dhjPjp > .tatsu-column-inner > .tatsu-top-divider{z-index: 9999;}.tatsu-B1l8dhjPjp > .tatsu-column-inner > .tatsu-bottom-divider{z-index: 9999;}.tatsu-B1l8dhjPjp > .tatsu-column-inner > .tatsu-left-divider{z-index: 9999;}.tatsu-B1l8dhjPjp > .tatsu-column-inner > .tatsu-right-divider{z-index: 9999;}@media only screen and (max-width:1377px) {.tatsu-row > .tatsu-B1l8dhjPjp.tatsu-column{width: 50%;}}@media only screen and (min-width:768px) and (max-width: 1024px) {.tatsu-row > .tatsu-B1l8dhjPjp.tatsu-column{width: 50%;}}@media only screen and (max-width: 767px) {.tatsu-row > .tatsu-B1l8dhjPjp.tatsu-column{width: 100%;}.tatsu-B1l8dhjPjp.tatsu-column > .tatsu-column-inner > .tatsu-column-pad-wrap > .tatsu-column-pad{padding: 0px 0px 0px 0px;}.tatsu-B1l8dhjPjp.tatsu-column{margin: 0 0 0px 0 !important;}}<\/style><\/div><\/div><\/div><\/div><div class=\"tatsu-section-background-wrap\"><div class = \"tatsu-section-background\" ><\/div><\/div><div class=\"tatsu-overlay tatsu-section-overlay\"><\/div><style>.tatsu-HyZwrsiDj6.tatsu-section{background: linear-gradient(45deg, rgba(140,198,63,1) 52%, rgba(57,181,74,1) 100%);}.tatsu-HyZwrsiDj6 .tatsu-section-pad{padding: 260px 0px 126px 0px;}.tatsu-HyZwrsiDj6 .tatsu-section-offset-wrap{transform: translateY(-0px);}.tatsu-HyZwrsiDj6 > .tatsu-bottom-divider{z-index: 9999;}.tatsu-HyZwrsiDj6 > .tatsu-top-divider{z-index: 9999;}.tatsu-HyZwrsiDj6 .tatsu-section-overlay{mix-blend-mode: normal;}@media only screen and (min-width:768px) and (max-width: 1024px) {.tatsu-HyZwrsiDj6 .tatsu-section-pad{padding: 190px 0px 126px 0px;}}@media only screen and (max-width: 767px) {.tatsu-HyZwrsiDj6 .tatsu-section-pad{padding: 190px 0px 75px 0px;}}<\/style><\/div><div  class=\"tatsu-SkWPlCuz4gg tatsu-section  tatsu-bg-overlay   tatsu-clearfix\" data-title=\"\"  data-headerscheme=\"background--dark\"><div class='tatsu-section-pad clearfix' data-padding='{\"d\":\"90px 0px 90px 0px\"}' data-padding-top='90px'><div class=\"tatsu-row-wrap  tatsu-wrap tatsu-row-one-col tatsu-row-has-one-cols tatsu-medium-gutter tatsu-reg-cols  tatsu-clearfix tatsu-Bygwl0_G4el\" ><div  class=\"tatsu-row \" ><div  class=\"tatsu-column  tatsu-bg-overlay tatsu-one-col tatsu-column-image-none tatsu-column-effect-none  tatsu-rJPlC_zEge\"  data-parallax-speed=\"0\" style=\"\"><div class=\"tatsu-column-inner \" ><div class=\"tatsu-column-pad-wrap\"><div class=\"tatsu-column-pad\" ><div  class=\"tatsu-module tatsu-text-block-wrap tatsu-Hyw59m3rle  \"><div class=\"tatsu-text-inner tatsu-align-center  clearfix\" ><style>.tatsu-Hyw59m3rle.tatsu-text-block-wrap .tatsu-text-inner{width: 100%;text-align: left;}<\/style>\n<h5 style=\"text-align: left;\">Haftungsausschluss<\/h5>\n<\/div><\/div><div  class=\"tatsu-module tatsu-text-block-wrap tatsu-rk9eR_MNeg  \"><div class=\"tatsu-text-inner tatsu-align-center  clearfix\" ><style>.tatsu-rk9eR_MNeg.tatsu-text-block-wrap .tatsu-text-inner{width: 100%;text-align: left;}.tatsu-rk9eR_MNeg.tatsu-text-block-wrap .tatsu-text-inner *{text-transform : none;font-size : 14px;line-height : 21px;}<\/style>\n<p class=\"has-theme-palette-3-color has-text-color has-link-color wp-elements-7a7d73ace3d41da05ff8a44148142f95\"><strong>Haftung f\u00fcr Links:<\/strong><br \/>Unser Angebot enth\u00e4lt Links zu externen Webseiten Dritter, auf deren Inhalte wir keinen Einfluss haben. Deshalb k\u00f6nnen wir f\u00fcr diese fremden Inhalte auch keine Gew\u00e4hr \u00fcbernehmen. F\u00fcr die Inhalte der verlinkten Seiten ist stets der jeweilige Anbieter oder Betreiber der Seiten verantwortlich. Die verlinkten Seiten wurden zum Zeitpunkt der Verlinkung auf m\u00f6gliche Rechtsverst\u00f6\u00dfe \u00fcberpr\u00fcft. Rechtswidrige Inhalte waren zum Zeitpunkt der Verlinkung nicht erkennbar. Eine permanente inhaltliche Kontrolle der verlinkten Seiten ist jedoch ohne konkrete Anhaltspunkte einer Rechtsverletzung nicht zumutbar. Bei Bekanntwerden von Rechtsverletzungen werden wir derartige Links umgehend entfernen.<\/p>\n<p><strong>Webdesign:\u00a0<\/strong><br \/>Storytellerin Content Creation\u00a0<br \/><a href=\"https:\/\/storytellerin.com\">www.storytellerin.com<\/a><\/p>\n<p><strong>Inhalt:<\/strong><br \/>Joseph Renz, Alexander Bauer<\/p>\n<p><strong>Bilder:<\/strong><br \/>&#8211; Joseph Renz<br \/>&#8211; Envato Elements<br \/>&#8211; Adobe Stock<\/p>\n<\/div><\/div><\/div><\/div><div class = \"tatsu-column-bg-image-wrap\"><div class = \"tatsu-column-bg-image\" ><\/div><\/div><div class=\"tatsu-overlay tatsu-column-overlay tatsu-animate-none\" ><\/div><\/div><style>.tatsu-row > .tatsu-rJPlC_zEge.tatsu-column{width: 100%;}.tatsu-rJPlC_zEge.tatsu-column > .tatsu-column-inner > .tatsu-column-overlay{mix-blend-mode: normal;}.tatsu-rJPlC_zEge > .tatsu-column-inner > .tatsu-top-divider{z-index: 9999;}.tatsu-rJPlC_zEge > .tatsu-column-inner > .tatsu-bottom-divider{z-index: 9999;}.tatsu-rJPlC_zEge > .tatsu-column-inner > .tatsu-left-divider{z-index: 9999;}.tatsu-rJPlC_zEge > .tatsu-column-inner > .tatsu-right-divider{z-index: 9999;}@media only screen and (max-width:1377px) {.tatsu-row > .tatsu-rJPlC_zEge.tatsu-column{width: 100%;}}@media only screen and (min-width:768px) and (max-width: 1024px) {.tatsu-row > .tatsu-rJPlC_zEge.tatsu-column{width: 100%;}}@media only screen and (max-width: 767px) {.tatsu-row > .tatsu-rJPlC_zEge.tatsu-column{width: 100%;}}<\/style><\/div><\/div><\/div><\/div><div class=\"tatsu-section-background-wrap\"><div class = \"tatsu-section-background\" ><\/div><\/div><div class=\"tatsu-overlay tatsu-section-overlay\"><\/div><style>.tatsu-SkWPlCuz4gg .tatsu-section-pad{padding: 90px 0px 90px 0px;}.tatsu-SkWPlCuz4gg .tatsu-section-offset-wrap{transform: translateY(-0px);}.tatsu-SkWPlCuz4gg > .tatsu-bottom-divider{z-index: 9999;}.tatsu-SkWPlCuz4gg > .tatsu-top-divider{z-index: 9999;}.tatsu-SkWPlCuz4gg .tatsu-section-overlay{mix-blend-mode: normal;}<\/style><\/div>\n","protected":false},"excerpt":{"rendered":"<p><a href=\"http:\/\/double-green.de\/index.php\/impressum\/\" class=\"more-link style1-button\">Weiterlesen<\/a><\/p>","protected":false},"author":1,"featured_media":0,"parent":0,"menu_order":0,"comment_status":"closed","ping_status":"closed","template":"","meta":{"footnotes":""},"class_list":["post-498","page","type-page","status-publish","hentry"],"yoast_head":"<!-- This site is optimized with the Yoast SEO plugin v27.5 - https:\/\/yoast.com\/product\/yoast-seo-wordpress\/ -->\n<title>Impressum - DoubleGreen GmbH<\/title>\n<meta name=\"description\" content=\"Angaben gem\u00e4\u00df \u00a7 5 TMG: Hier finden Sie die Pflichtangaben zum Anbieter DoubleGreen GmbH sowie Kontaktdaten und rechtliche Hinweise.\" \/>\n<meta name=\"robots\" content=\"index, follow, max-snippet:-1, max-image-preview:large, max-video-preview:-1\" \/>\n<link rel=\"canonical\" href=\"http:\/\/double-green.de\/index.php\/impressum\/\" \/>\n<meta property=\"og:locale\" content=\"de_DE\" \/>\n<meta property=\"og:type\" content=\"article\" \/>\n<meta property=\"og:title\" content=\"Impressum - DoubleGreen GmbH\" \/>\n<meta property=\"og:description\" content=\"Angaben gem\u00e4\u00df \u00a7 5 TMG: Hier finden Sie die Pflichtangaben zum Anbieter DoubleGreen GmbH sowie Kontaktdaten und rechtliche Hinweise.\" \/>\n<meta property=\"og:url\" content=\"http:\/\/double-green.de\/index.php\/impressum\/\" \/>\n<meta property=\"og:site_name\" content=\"DoubleGreen\" \/>\n<meta property=\"article:modified_time\" content=\"2026-02-19T13:16:15+00:00\" \/>\n<meta name=\"twitter:card\" content=\"summary_large_image\" \/>\n<script type=\"application\/ld+json\" class=\"yoast-schema-graph\">{\"@context\":\"https:\\\/\\\/schema.org\",\"@graph\":[{\"@type\":\"WebPage\",\"@id\":\"http:\\\/\\\/double-green.de\\\/index.php\\\/impressum\\\/\",\"url\":\"http:\\\/\\\/double-green.de\\\/index.php\\\/impressum\\\/\",\"name\":\"Impressum - DoubleGreen GmbH\",\"isPartOf\":{\"@id\":\"https:\\\/\\\/double-green.de\\\/#website\"},\"datePublished\":\"2025-06-20T06:26:47+00:00\",\"dateModified\":\"2026-02-19T13:16:15+00:00\",\"description\":\"Angaben gem\u00e4\u00df \u00a7 5 TMG: Hier finden Sie die Pflichtangaben zum Anbieter DoubleGreen GmbH sowie Kontaktdaten und rechtliche Hinweise.\",\"breadcrumb\":{\"@id\":\"http:\\\/\\\/double-green.de\\\/index.php\\\/impressum\\\/#breadcrumb\"},\"inLanguage\":\"de\",\"potentialAction\":[{\"@type\":\"ReadAction\",\"target\":[\"http:\\\/\\\/double-green.de\\\/index.php\\\/impressum\\\/\"]}]},{\"@type\":\"BreadcrumbList\",\"@id\":\"http:\\\/\\\/double-green.de\\\/index.php\\\/impressum\\\/#breadcrumb\",\"itemListElement\":[{\"@type\":\"ListItem\",\"position\":1,\"name\":\"Startseite\",\"item\":\"https:\\\/\\\/double-green.de\\\/\"},{\"@type\":\"ListItem\",\"position\":2,\"name\":\"Impressum\"}]},{\"@type\":\"WebSite\",\"@id\":\"https:\\\/\\\/double-green.de\\\/#website\",\"url\":\"https:\\\/\\\/double-green.de\\\/\",\"name\":\"DoubleGreen\",\"description\":\"\",\"publisher\":{\"@id\":\"https:\\\/\\\/double-green.de\\\/#organization\"},\"potentialAction\":[{\"@type\":\"SearchAction\",\"target\":{\"@type\":\"EntryPoint\",\"urlTemplate\":\"https:\\\/\\\/double-green.de\\\/?s={search_term_string}\"},\"query-input\":{\"@type\":\"PropertyValueSpecification\",\"valueRequired\":true,\"valueName\":\"search_term_string\"}}],\"inLanguage\":\"de\"},{\"@type\":\"Organization\",\"@id\":\"https:\\\/\\\/double-green.de\\\/#organization\",\"name\":\"DoubleGreen GmbH\",\"url\":\"https:\\\/\\\/double-green.de\\\/\",\"logo\":{\"@type\":\"ImageObject\",\"inLanguage\":\"de\",\"@id\":\"https:\\\/\\\/double-green.de\\\/#\\\/schema\\\/logo\\\/image\\\/\",\"url\":\"http:\\\/\\\/double-green.de\\\/wp-content\\\/uploads\\\/2025\\\/06\\\/Logo-Doublegreen-Versionen-30-scaled.png\",\"contentUrl\":\"http:\\\/\\\/double-green.de\\\/wp-content\\\/uploads\\\/2025\\\/06\\\/Logo-Doublegreen-Versionen-30-scaled.png\",\"width\":2560,\"height\":1855,\"caption\":\"DoubleGreen GmbH\"},\"image\":{\"@id\":\"https:\\\/\\\/double-green.de\\\/#\\\/schema\\\/logo\\\/image\\\/\"}}]}<\/script>\n<!-- \/ Yoast SEO plugin. -->","yoast_head_json":{"title":"Impressum - DoubleGreen GmbH","description":"Angaben gem\u00e4\u00df \u00a7 5 TMG: Hier finden Sie die Pflichtangaben zum Anbieter DoubleGreen GmbH sowie Kontaktdaten und rechtliche Hinweise.","robots":{"index":"index","follow":"follow","max-snippet":"max-snippet:-1","max-image-preview":"max-image-preview:large","max-video-preview":"max-video-preview:-1"},"canonical":"http:\/\/double-green.de\/index.php\/impressum\/","og_locale":"de_DE","og_type":"article","og_title":"Impressum - DoubleGreen GmbH","og_description":"Angaben gem\u00e4\u00df \u00a7 5 TMG: Hier finden Sie die Pflichtangaben zum Anbieter DoubleGreen GmbH sowie Kontaktdaten und rechtliche Hinweise.","og_url":"http:\/\/double-green.de\/index.php\/impressum\/","og_site_name":"DoubleGreen","article_modified_time":"2026-02-19T13:16:15+00:00","twitter_card":"summary_large_image","schema":{"@context":"https:\/\/schema.org","@graph":[{"@type":"WebPage","@id":"http:\/\/double-green.de\/index.php\/impressum\/","url":"http:\/\/double-green.de\/index.php\/impressum\/","name":"Impressum - DoubleGreen GmbH","isPartOf":{"@id":"https:\/\/double-green.de\/#website"},"datePublished":"2025-06-20T06:26:47+00:00","dateModified":"2026-02-19T13:16:15+00:00","description":"Angaben gem\u00e4\u00df \u00a7 5 TMG: Hier finden Sie die Pflichtangaben zum Anbieter DoubleGreen GmbH sowie Kontaktdaten und rechtliche Hinweise.","breadcrumb":{"@id":"http:\/\/double-green.de\/index.php\/impressum\/#breadcrumb"},"inLanguage":"de","potentialAction":[{"@type":"ReadAction","target":["http:\/\/double-green.de\/index.php\/impressum\/"]}]},{"@type":"BreadcrumbList","@id":"http:\/\/double-green.de\/index.php\/impressum\/#breadcrumb","itemListElement":[{"@type":"ListItem","position":1,"name":"Startseite","item":"https:\/\/double-green.de\/"},{"@type":"ListItem","position":2,"name":"Impressum"}]},{"@type":"WebSite","@id":"https:\/\/double-green.de\/#website","url":"https:\/\/double-green.de\/","name":"DoubleGreen","description":"","publisher":{"@id":"https:\/\/double-green.de\/#organization"},"potentialAction":[{"@type":"SearchAction","target":{"@type":"EntryPoint","urlTemplate":"https:\/\/double-green.de\/?s={search_term_string}"},"query-input":{"@type":"PropertyValueSpecification","valueRequired":true,"valueName":"search_term_string"}}],"inLanguage":"de"},{"@type":"Organization","@id":"https:\/\/double-green.de\/#organization","name":"DoubleGreen GmbH","url":"https:\/\/double-green.de\/","logo":{"@type":"ImageObject","inLanguage":"de","@id":"https:\/\/double-green.de\/#\/schema\/logo\/image\/","url":"http:\/\/double-green.de\/wp-content\/uploads\/2025\/06\/Logo-Doublegreen-Versionen-30-scaled.png","contentUrl":"http:\/\/double-green.de\/wp-content\/uploads\/2025\/06\/Logo-Doublegreen-Versionen-30-scaled.png","width":2560,"height":1855,"caption":"DoubleGreen GmbH"},"image":{"@id":"https:\/\/double-green.de\/#\/schema\/logo\/image\/"}}]}},"_links":{"self":[{"href":"http:\/\/double-green.de\/index.php\/wp-json\/wp\/v2\/pages\/498","targetHints":{"allow":["GET"]}}],"collection":[{"href":"http:\/\/double-green.de\/index.php\/wp-json\/wp\/v2\/pages"}],"about":[{"href":"http:\/\/double-green.de\/index.php\/wp-json\/wp\/v2\/types\/page"}],"author":[{"embeddable":true,"href":"http:\/\/double-green.de\/index.php\/wp-json\/wp\/v2\/users\/1"}],"replies":[{"embeddable":true,"href":"http:\/\/double-green.de\/index.php\/wp-json\/wp\/v2\/comments?post=498"}],"version-history":[{"count":17,"href":"http:\/\/double-green.de\/index.php\/wp-json\/wp\/v2\/pages\/498\/revisions"}],"predecessor-version":[{"id":653,"href":"http:\/\/double-green.de\/index.php\/wp-json\/wp\/v2\/pages\/498\/revisions\/653"}],"wp:attachment":[{"href":"http:\/\/double-green.de\/index.php\/wp-json\/wp\/v2\/media?parent=498"}],"curies":[{"name":"wp","href":"https:\/\/api.w.org\/{rel}","templated":true}]}}